{"id":367,"date":"2023-12-12T15:50:52","date_gmt":"2023-12-12T14:50:52","guid":{"rendered":"https:\/\/luxe-millionaire.com\/blog\/?page_id=367"},"modified":"2025-02-17T16:19:03","modified_gmt":"2025-02-17T15:19:03","slug":"luxe-millionaire-com","status":"publish","type":"page","link":"https:\/\/luxe-millionaire.com\/blog\/","title":{"rendered":"luxe-millionaire.com"},"content":{"rendered":"\n<div class=\"wp-block-group titre-home is-content-justification-center is-nowrap is-layout-flex wp-container-core-group-is-layout-94bc23d7 wp-block-group-is-layout-flex\">\n<h1 class=\"wp-block-heading has-text-align-center has-contrast-color has-text-color has-link-color wp-elements-6b95fd9fc49a6565d2d717bfb7d604ed\" id=\"h-beaute-authentique-bien-etre-naturel-votre-guide-vers-une-vie-harmonieuse\">Webzine argent, luxe, conseils et lifestyle premium<\/h1>\n<\/div>\n\n\n<div class=\"gb-container gb-container-d004d49a\">\n<div class=\"gb-container gb-container-5979e1bc\">\n\n<h2 class=\"gb-headline gb-headline-653b8ae5 gb-headline-text\"><a href=\"https:\/\/luxe-millionaire.com\/blog\/a-la-une\/\">\u00c0 la une<\/a><\/h2>\n\n\n<div class=\"gb-grid-wrapper gb-grid-wrapper-d81475ad\">\n<div class=\"gb-grid-column gb-grid-column-64f4838c\"><div class=\"gb-container gb-container-64f4838c\">\n\n<div class=\"gb-grid-wrapper gb-grid-wrapper-66dae3a3 gb-query-loop-wrapper\">\n<div class=\"gb-grid-column gb-grid-column-f8982118 gb-query-loop-item post-7384 post type-post status-publish format-standard has-post-thumbnail hentry category-a-la-une tag-colliers-2024 tag-colliers-perles tag-tendances-colliers\"><div class=\"gb-container gb-container-f8982118\"><a class=\"gb-container-link\" href=\"https:\/\/luxe-millionaire.com\/blog\/a-la-une\/les-tendances-cycliques-des-colliers-a-la-mode-en-2023-et-2024\/\"><\/a>\n<figure class=\"gb-block-image gb-block-image-c648fb85\"><a href=\"https:\/\/luxe-millionaire.com\/blog\/a-la-une\/les-tendances-cycliques-des-colliers-a-la-mode-en-2023-et-2024\/\"><img loading=\"lazy\" decoding=\"async\" width=\"1200\" height=\"500\" src=\"https:\/\/luxe-millionaire.com\/blog\/wp-content\/uploads\/2026\/01\/sdxl-ad005558f7c8af20726f874690e12bec-scaled.png\" class=\"gb-image-c648fb85\" alt=\"\" \/><\/a><\/figure>\n\n<div class=\"gb-headline gb-headline-105a8e81 gb-headline-text\"><time class=\"entry-date published\" datetime=\"2026-01-26T09:37:00+01:00\">26 janvier 2026<\/time><\/div>\n\n<h3 class=\"gb-headline gb-headline-d823eb89 gb-headline-text\"><a href=\"https:\/\/luxe-millionaire.com\/blog\/a-la-une\/les-tendances-cycliques-des-colliers-a-la-mode-en-2023-et-2024\/\">Les tendances cycliques des colliers \u00e0 la mode en 2023 et 2024<\/a><\/h3>\n\n<p class=\"gb-headline gb-headline-50783b14 gb-headline-text\">\ud83d\udccb En bref \u25b8 Les tendances des colliers en 2023-2024 oscillent entre le minimalisme scandinave et le retour des styles des ann\u00e9es 80\/90. Les cha\u00eenes &#8230;<\/p>\n<\/div><\/div>\n<\/div>\n\n<\/div><\/div>\n\n<div class=\"gb-grid-column gb-grid-column-172c2d01\"><div class=\"gb-container gb-container-172c2d01\">\n\n<div class=\"gb-grid-wrapper gb-grid-wrapper-ae4a818a gb-query-loop-wrapper\">\n<div class=\"gb-grid-column gb-grid-column-a5958d80 gb-query-loop-item post-7380 post type-post status-publish format-standard has-post-thumbnail hentry category-a-la-une tag-lunettes-tendance tag-mode-2025 tag-style-unique\"><div class=\"gb-container gb-container-a5958d80\">\n<div class=\"gb-grid-wrapper gb-grid-wrapper-2316a5ad\">\n<div class=\"gb-grid-column gb-grid-column-f3dccbdb\"><div class=\"gb-container gb-container-f3dccbdb\">\n<figure class=\"gb-block-image gb-block-image-a77e6df6\"><a href=\"https:\/\/luxe-millionaire.com\/blog\/a-la-une\/lunettes-tendance-2025-les-modeles-incontournables-pour-un-style-unique\/\"><img loading=\"lazy\" decoding=\"async\" width=\"400\" height=\"167\" src=\"https:\/\/luxe-millionaire.com\/blog\/wp-content\/uploads\/2026\/01\/sdxl-e752d3942a25f512d09360b8dcdbd4cc-scaled.png\" class=\"gb-image-a77e6df6\" alt=\"\" \/><\/a><\/figure>\n<\/div><\/div>\n\n<div class=\"gb-grid-column gb-grid-column-2cddd1f8\"><div class=\"gb-container gb-container-2cddd1f8\">\n<div class=\"gb-headline gb-headline-dcb58340 gb-headline-text\"><time class=\"entry-date published\" datetime=\"2026-01-12T09:24:00+01:00\">12 janvier 2026<\/time><\/div>\n\n<h3 class=\"gb-headline gb-headline-23a64d89 gb-headline-text\"><a href=\"https:\/\/luxe-millionaire.com\/blog\/a-la-une\/lunettes-tendance-2025-les-modeles-incontournables-pour-un-style-unique\/\">Lunettes tendance 2025 : les mod\u00e8les incontournables pour un style unique<\/a><\/h3>\n\n<div class=\"gb-container gb-container-5da2d10d\"><\/div>\n<\/div><\/div>\n<\/div>\n<\/div><\/div>\n\n<div class=\"gb-grid-column gb-grid-column-a5958d80 gb-query-loop-item post-7376 post type-post status-publish format-standard has-post-thumbnail hentry category-a-la-une tag-mode-luxe tag-robe-de-soiree tag-tendance-2025\"><div class=\"gb-container gb-container-a5958d80\">\n<div class=\"gb-grid-wrapper gb-grid-wrapper-2316a5ad\">\n<div class=\"gb-grid-column gb-grid-column-f3dccbdb\"><div class=\"gb-container gb-container-f3dccbdb\">\n<figure class=\"gb-block-image gb-block-image-a77e6df6\"><a href=\"https:\/\/luxe-millionaire.com\/blog\/a-la-une\/les-tendances-2025-en-robes-de-soiree-de-luxe-minimalisme-et-details-couture\/\"><img loading=\"lazy\" decoding=\"async\" width=\"400\" height=\"167\" src=\"https:\/\/luxe-millionaire.com\/blog\/wp-content\/uploads\/2026\/01\/sdxl-2d72c822aac4cb863bd7bce04671abe4-scaled.png\" class=\"gb-image-a77e6df6\" alt=\"\" \/><\/a><\/figure>\n<\/div><\/div>\n\n<div class=\"gb-grid-column gb-grid-column-2cddd1f8\"><div class=\"gb-container gb-container-2cddd1f8\">\n<div class=\"gb-headline gb-headline-dcb58340 gb-headline-text\"><time class=\"entry-date published\" datetime=\"2025-12-29T09:33:00+01:00\">29 d\u00e9cembre 2025<\/time><\/div>\n\n<h3 class=\"gb-headline gb-headline-23a64d89 gb-headline-text\"><a href=\"https:\/\/luxe-millionaire.com\/blog\/a-la-une\/les-tendances-2025-en-robes-de-soiree-de-luxe-minimalisme-et-details-couture\/\">Les tendances 2025 en robes de soir\u00e9e de luxe : minimalisme et d\u00e9tails couture<\/a><\/h3>\n\n<div class=\"gb-container gb-container-5da2d10d\"><\/div>\n<\/div><\/div>\n<\/div>\n<\/div><\/div>\n\n<div class=\"gb-grid-column gb-grid-column-a5958d80 gb-query-loop-item post-7355 post type-post status-publish format-standard has-post-thumbnail hentry category-a-la-une tag-bolero-mariage tag-elegance-femme tag-fourrure-hiver\"><div class=\"gb-container gb-container-a5958d80\">\n<div class=\"gb-grid-wrapper gb-grid-wrapper-2316a5ad\">\n<div class=\"gb-grid-column gb-grid-column-f3dccbdb\"><div class=\"gb-container gb-container-f3dccbdb\">\n<figure class=\"gb-block-image gb-block-image-a77e6df6\"><a href=\"https:\/\/luxe-millionaire.com\/blog\/a-la-une\/bolero-en-fourrure-pour-mariage-elegance-et-confort-en-hiver\/\"><img loading=\"lazy\" decoding=\"async\" width=\"400\" height=\"167\" src=\"https:\/\/luxe-millionaire.com\/blog\/wp-content\/uploads\/2025\/12\/sdxl-220bf1bd8289d62d488e415fc9a6ecab-scaled.png\" class=\"gb-image-a77e6df6\" alt=\"\" \/><\/a><\/figure>\n<\/div><\/div>\n\n<div class=\"gb-grid-column gb-grid-column-2cddd1f8\"><div class=\"gb-container gb-container-2cddd1f8\">\n<div class=\"gb-headline gb-headline-dcb58340 gb-headline-text\"><time class=\"entry-date published\" datetime=\"2025-12-15T09:51:00+01:00\">15 d\u00e9cembre 2025<\/time><\/div>\n\n<h3 class=\"gb-headline gb-headline-23a64d89 gb-headline-text\"><a href=\"https:\/\/luxe-millionaire.com\/blog\/a-la-une\/bolero-en-fourrure-pour-mariage-elegance-et-confort-en-hiver\/\">Bol\u00e9ro en fourrure pour mariage : \u00e9l\u00e9gance et confort en hiver<\/a><\/h3>\n\n<div class=\"gb-container gb-container-5da2d10d\"><\/div>\n<\/div><\/div>\n<\/div>\n<\/div><\/div>\n<\/div>\n\n<\/div><\/div>\n<\/div>\n\n<div class=\"gb-grid-wrapper gb-grid-wrapper-dd363874\">\n<div class=\"gb-grid-column gb-grid-column-6e67919d\"><div class=\"gb-container gb-container-6e67919d\">\n\n<div class=\"gb-grid-wrapper gb-grid-wrapper-498f7d99 gb-query-loop-wrapper\">\n<div class=\"gb-grid-column gb-grid-column-4d5a3bc3 gb-query-loop-item post-7320 post type-post status-publish format-standard has-post-thumbnail hentry category-a-la-une\"><div class=\"gb-container gb-container-4d5a3bc3\">\n<div class=\"gb-grid-wrapper gb-grid-wrapper-c6ab9062\">\n<div class=\"gb-grid-column gb-grid-column-d052f66a\"><div class=\"gb-container gb-container-d052f66a\">\n<figure class=\"gb-block-image gb-block-image-6582076d\"><a href=\"https:\/\/luxe-millionaire.com\/blog\/a-la-une\/pourquoi-faire-appel-a-un-service-de-transport-haut-de-gamme-a-lyon\/\"><img loading=\"lazy\" decoding=\"async\" width=\"400\" height=\"167\" src=\"https:\/\/luxe-millionaire.com\/blog\/wp-content\/uploads\/2025\/11\/sdxl-f117a7128d6ae7f8f00f1c2891c60a8d-scaled.png\" class=\"gb-image-6582076d\" alt=\"\" \/><\/a><\/figure>\n<\/div><\/div>\n\n<div class=\"gb-grid-column gb-grid-column-0827c125\"><div class=\"gb-container gb-container-0827c125\">\n<div class=\"gb-headline gb-headline-e8307352 gb-headline-text\"><time class=\"entry-date published\" datetime=\"2025-11-07T21:09:18+01:00\">7 novembre 2025<\/time><\/div>\n\n<h3 class=\"gb-headline gb-headline-599e1526 gb-headline-text\"><a href=\"https:\/\/luxe-millionaire.com\/blog\/a-la-une\/pourquoi-faire-appel-a-un-service-de-transport-haut-de-gamme-a-lyon\/\">Pourquoi faire appel \u00e0 un service de transport haut de gamme \u00e0 Lyon\u00a0?<\/a><\/h3>\n\n<div class=\"gb-container gb-container-77dbf500\"><\/div>\n<\/div><\/div>\n<\/div>\n<\/div><\/div>\n\n<div class=\"gb-grid-column gb-grid-column-4d5a3bc3 gb-query-loop-item post-7317 post type-post status-publish format-standard has-post-thumbnail hentry category-a-la-une\"><div class=\"gb-container gb-container-4d5a3bc3\">\n<div class=\"gb-grid-wrapper gb-grid-wrapper-c6ab9062\">\n<div class=\"gb-grid-column gb-grid-column-d052f66a\"><div class=\"gb-container gb-container-d052f66a\">\n<figure class=\"gb-block-image gb-block-image-6582076d\"><a href=\"https:\/\/luxe-millionaire.com\/blog\/a-la-une\/optimisation-fiscale-pour-les-professionnels\/\"><img loading=\"lazy\" decoding=\"async\" width=\"400\" height=\"167\" src=\"https:\/\/luxe-millionaire.com\/blog\/wp-content\/uploads\/2025\/07\/sdxl-9b1e478de0e13df26e51266a00cbd6e2-scaled.png\" class=\"gb-image-6582076d\" alt=\"\" \/><\/a><\/figure>\n<\/div><\/div>\n\n<div class=\"gb-grid-column gb-grid-column-0827c125\"><div class=\"gb-container gb-container-0827c125\">\n<div class=\"gb-headline gb-headline-e8307352 gb-headline-text\"><time class=\"entry-date published\" datetime=\"2025-07-04T19:49:35+02:00\">4 juillet 2025<\/time><\/div>\n\n<h3 class=\"gb-headline gb-headline-599e1526 gb-headline-text\"><a href=\"https:\/\/luxe-millionaire.com\/blog\/a-la-une\/optimisation-fiscale-pour-les-professionnels\/\">Optimisation Fiscale pour les Professionnels<\/a><\/h3>\n\n<div class=\"gb-container gb-container-77dbf500\"><\/div>\n<\/div><\/div>\n<\/div>\n<\/div><\/div>\n\n<div class=\"gb-grid-column gb-grid-column-4d5a3bc3 gb-query-loop-item post-7314 post type-post status-publish format-standard has-post-thumbnail hentry category-a-la-une\"><div class=\"gb-container gb-container-4d5a3bc3\">\n<div class=\"gb-grid-wrapper gb-grid-wrapper-c6ab9062\">\n<div class=\"gb-grid-column gb-grid-column-d052f66a\"><div class=\"gb-container gb-container-d052f66a\">\n<figure class=\"gb-block-image gb-block-image-6582076d\"><a href=\"https:\/\/luxe-millionaire.com\/blog\/a-la-une\/photographe-luxe\/\"><img loading=\"lazy\" decoding=\"async\" width=\"400\" height=\"167\" src=\"https:\/\/luxe-millionaire.com\/blog\/wp-content\/uploads\/2025\/05\/sdxl-5937dd67f389788a8e0a8191aea7ae40-scaled.png\" class=\"gb-image-6582076d\" alt=\"\" \/><\/a><\/figure>\n<\/div><\/div>\n\n<div class=\"gb-grid-column gb-grid-column-0827c125\"><div class=\"gb-container gb-container-0827c125\">\n<div class=\"gb-headline gb-headline-e8307352 gb-headline-text\"><time class=\"entry-date published\" datetime=\"2025-05-30T15:34:09+02:00\">30 mai 2025<\/time><\/div>\n\n<h3 class=\"gb-headline gb-headline-599e1526 gb-headline-text\"><a href=\"https:\/\/luxe-millionaire.com\/blog\/a-la-une\/photographe-luxe\/\">Photographe luxe<\/a><\/h3>\n\n<div class=\"gb-container gb-container-77dbf500\"><\/div>\n<\/div><\/div>\n<\/div>\n<\/div><\/div>\n<\/div>\n\n<\/div><\/div>\n\n<div class=\"gb-grid-column gb-grid-column-2101bea1\"><div class=\"gb-container gb-container-2101bea1\">\n\n<div class=\"gb-grid-wrapper gb-grid-wrapper-160fd551 gb-query-loop-wrapper\">\n<div class=\"gb-grid-column gb-grid-column-749ae451 gb-query-loop-item post-7310 post type-post status-publish format-standard has-post-thumbnail hentry category-a-la-une\"><div class=\"gb-container gb-container-749ae451\">\n<div class=\"gb-grid-wrapper gb-grid-wrapper-7dfc9821\">\n<div class=\"gb-grid-column gb-grid-column-7798f56a\"><div class=\"gb-container gb-container-7798f56a\">\n<figure class=\"gb-block-image gb-block-image-cdfe6aa5\"><a href=\"https:\/\/luxe-millionaire.com\/blog\/a-la-une\/voile-dombrage-sur-mesure-la-solution-elegante-et-pratique\/\"><img loading=\"lazy\" decoding=\"async\" width=\"400\" height=\"167\" src=\"https:\/\/luxe-millionaire.com\/blog\/wp-content\/uploads\/2025\/04\/sdxl-303fbbfb189bb31d2144ddf4909b68f9.png\" class=\"gb-image-cdfe6aa5\" alt=\"\" \/><\/a><\/figure>\n<\/div><\/div>\n\n<div class=\"gb-grid-column gb-grid-column-9b323f04\"><div class=\"gb-container gb-container-9b323f04\">\n<div class=\"gb-headline gb-headline-46885ce3 gb-headline-text\"><time class=\"entry-date published\" datetime=\"2025-03-20T12:17:09+01:00\">20 mars 2025<\/time><\/div>\n\n<h3 class=\"gb-headline gb-headline-4aa4fb4a gb-headline-text\"><a href=\"https:\/\/luxe-millionaire.com\/blog\/a-la-une\/voile-dombrage-sur-mesure-la-solution-elegante-et-pratique\/\">Voile d&rsquo;ombrage sur mesure : la solution \u00e9l\u00e9gante et pratique<\/a><\/h3>\n\n<div class=\"gb-container gb-container-758a4726\"><\/div>\n<\/div><\/div>\n<\/div>\n<\/div><\/div>\n<\/div>\n\n<\/div><\/div>\n\n<div class=\"gb-grid-column gb-grid-column-a6ee4012\"><div class=\"gb-container gb-container-a6ee4012\">\n\n<div class=\"gb-grid-wrapper gb-grid-wrapper-d91db76b gb-query-loop-wrapper\"><\/div>\n\n<\/div><\/div>\n\n<div class=\"gb-grid-column gb-grid-column-24890074\"><div class=\"gb-container gb-container-24890074\">\n\n<div class=\"gb-grid-wrapper gb-grid-wrapper-ec0235a6 gb-query-loop-wrapper\"><\/div>\n\n<\/div><\/div>\n<\/div>\n<\/div>\n<\/div>\n\n\n<p><\/p>\n","protected":false},"excerpt":{"rendered":"","protected":false},"author":34,"featured_media":0,"parent":0,"menu_order":0,"comment_status":"closed","ping_status":"closed","template":"","meta":{"_acf_changed":false,"manual_indexmenow":false,"indexmenow_id_project":0,"footnotes":""},"class_list":["post-367","page","type-page","status-publish"],"acf":[],"yoast_head":"<!-- This site is optimized with the Yoast SEO Premium plugin v21.3 (Yoast SEO v26.5) - https:\/\/yoast.com\/wordpress\/plugins\/seo\/ -->\n<title>Luxe Millionaire, l\u2019art de vivre avec distinction<\/title>\n<meta name=\"description\" content=\"Luxe-Millionaire.com vous ouvre les portes d\u2019un univers exclusif o\u00f9 luxe, raffinement et succ\u00e8s se conjuguent pour inspirer vos ambitions et sublimer votre quotidien.\" \/>\n<meta name=\"robots\" content=\"index, follow, max-snippet:-1, max-image-preview:large, max-video-preview:-1\" \/>\n<link rel=\"canonical\" href=\"https:\/\/luxe-millionaire.com\/blog\/\" \/>\n<meta property=\"og:locale\" content=\"fr_FR\" \/>\n<meta property=\"og:type\" content=\"article\" \/>\n<meta property=\"og:title\" content=\"Luxe Millionaire, l\u2019art de vivre avec distinction\" \/>\n<meta property=\"og:description\" content=\"Luxe-Millionaire.com vous ouvre les portes d\u2019un univers exclusif o\u00f9 luxe, raffinement et succ\u00e8s se conjuguent pour inspirer vos ambitions et sublimer votre quotidien.\" \/>\n<meta property=\"og:url\" content=\"https:\/\/luxe-millionaire.com\/blog\/\" \/>\n<meta property=\"og:site_name\" content=\"luxe-millionaire\" \/>\n<meta name=\"twitter:card\" content=\"summary_large_image\" \/>\n<script type=\"application\/ld+json\" class=\"yoast-schema-graph\">{\"@context\":\"https:\/\/schema.org\",\"@graph\":[{\"@type\":\"WebPage\",\"@id\":\"https:\/\/luxe-millionaire.com\/blog\/\",\"url\":\"https:\/\/luxe-millionaire.com\/blog\/\",\"name\":\"Luxe Millionaire, l\u2019art de vivre avec distinction\",\"isPartOf\":{\"@id\":\"https:\/\/luxe-millionaire.com\/blog\/#website\"},\"datePublished\":\"2023-12-12T14:50:52+00:00\",\"dateModified\":\"2025-02-17T15:19:03+00:00\",\"description\":\"Luxe-Millionaire.com vous ouvre les portes d\u2019un univers exclusif o\u00f9 luxe, raffinement et succ\u00e8s se conjuguent pour inspirer vos ambitions et sublimer votre quotidien.\",\"inLanguage\":\"fr-FR\",\"potentialAction\":[{\"@type\":\"ReadAction\",\"target\":[\"https:\/\/luxe-millionaire.com\/blog\/\"]}]},{\"@type\":\"WebSite\",\"@id\":\"https:\/\/luxe-millionaire.com\/blog\/#website\",\"url\":\"https:\/\/luxe-millionaire.com\/blog\/\",\"name\":\"luxe-millionaire.com\",\"description\":\"Vivez le luxe, r\u00eavez en grand.\",\"publisher\":{\"@id\":\"https:\/\/luxe-millionaire.com\/blog\/#organization\"},\"alternateName\":\"Vivez le luxe, r\u00eavez en grand.\",\"potentialAction\":[{\"@type\":\"SearchAction\",\"target\":{\"@type\":\"EntryPoint\",\"urlTemplate\":\"https:\/\/luxe-millionaire.com\/blog\/?s={search_term_string}\"},\"query-input\":{\"@type\":\"PropertyValueSpecification\",\"valueRequired\":true,\"valueName\":\"search_term_string\"}}],\"inLanguage\":\"fr-FR\"},{\"@type\":\"Organization\",\"@id\":\"https:\/\/luxe-millionaire.com\/blog\/#organization\",\"name\":\"Foretsensations.fr\",\"url\":\"https:\/\/luxe-millionaire.com\/blog\/\",\"logo\":{\"@type\":\"ImageObject\",\"inLanguage\":\"fr-FR\",\"@id\":\"https:\/\/luxe-millionaire.com\/blog\/#\/schema\/logo\/image\/\",\"url\":\"https:\/\/luxe-millionaire.com\/blog\/wp-content\/uploads\/2024\/12\/luxe-millionaire.png\",\"contentUrl\":\"https:\/\/luxe-millionaire.com\/blog\/wp-content\/uploads\/2024\/12\/luxe-millionaire.png\",\"width\":500,\"height\":500,\"caption\":\"Foretsensations.fr\"},\"image\":{\"@id\":\"https:\/\/luxe-millionaire.com\/blog\/#\/schema\/logo\/image\/\"}}]}<\/script>\n<!-- \/ Yoast SEO Premium plugin. -->","yoast_head_json":{"title":"Luxe Millionaire, l\u2019art de vivre avec distinction","description":"Luxe-Millionaire.com vous ouvre les portes d\u2019un univers exclusif o\u00f9 luxe, raffinement et succ\u00e8s se conjuguent pour inspirer vos ambitions et sublimer votre quotidien.","robots":{"index":"index","follow":"follow","max-snippet":"max-snippet:-1","max-image-preview":"max-image-preview:large","max-video-preview":"max-video-preview:-1"},"canonical":"https:\/\/luxe-millionaire.com\/blog\/","og_locale":"fr_FR","og_type":"article","og_title":"Luxe Millionaire, l\u2019art de vivre avec distinction","og_description":"Luxe-Millionaire.com vous ouvre les portes d\u2019un univers exclusif o\u00f9 luxe, raffinement et succ\u00e8s se conjuguent pour inspirer vos ambitions et sublimer votre quotidien.","og_url":"https:\/\/luxe-millionaire.com\/blog\/","og_site_name":"luxe-millionaire","twitter_card":"summary_large_image","schema":{"@context":"https:\/\/schema.org","@graph":[{"@type":"WebPage","@id":"https:\/\/luxe-millionaire.com\/blog\/","url":"https:\/\/luxe-millionaire.com\/blog\/","name":"Luxe Millionaire, l\u2019art de vivre avec distinction","isPartOf":{"@id":"https:\/\/luxe-millionaire.com\/blog\/#website"},"datePublished":"2023-12-12T14:50:52+00:00","dateModified":"2025-02-17T15:19:03+00:00","description":"Luxe-Millionaire.com vous ouvre les portes d\u2019un univers exclusif o\u00f9 luxe, raffinement et succ\u00e8s se conjuguent pour inspirer vos ambitions et sublimer votre quotidien.","inLanguage":"fr-FR","potentialAction":[{"@type":"ReadAction","target":["https:\/\/luxe-millionaire.com\/blog\/"]}]},{"@type":"WebSite","@id":"https:\/\/luxe-millionaire.com\/blog\/#website","url":"https:\/\/luxe-millionaire.com\/blog\/","name":"luxe-millionaire.com","description":"Vivez le luxe, r\u00eavez en grand.","publisher":{"@id":"https:\/\/luxe-millionaire.com\/blog\/#organization"},"alternateName":"Vivez le luxe, r\u00eavez en grand.","potentialAction":[{"@type":"SearchAction","target":{"@type":"EntryPoint","urlTemplate":"https:\/\/luxe-millionaire.com\/blog\/?s={search_term_string}"},"query-input":{"@type":"PropertyValueSpecification","valueRequired":true,"valueName":"search_term_string"}}],"inLanguage":"fr-FR"},{"@type":"Organization","@id":"https:\/\/luxe-millionaire.com\/blog\/#organization","name":"Foretsensations.fr","url":"https:\/\/luxe-millionaire.com\/blog\/","logo":{"@type":"ImageObject","inLanguage":"fr-FR","@id":"https:\/\/luxe-millionaire.com\/blog\/#\/schema\/logo\/image\/","url":"https:\/\/luxe-millionaire.com\/blog\/wp-content\/uploads\/2024\/12\/luxe-millionaire.png","contentUrl":"https:\/\/luxe-millionaire.com\/blog\/wp-content\/uploads\/2024\/12\/luxe-millionaire.png","width":500,"height":500,"caption":"Foretsensations.fr"},"image":{"@id":"https:\/\/luxe-millionaire.com\/blog\/#\/schema\/logo\/image\/"}}]}},"_links":{"self":[{"href":"https:\/\/luxe-millionaire.com\/blog\/wp-json\/wp\/v2\/pages\/367","targetHints":{"allow":["GET"]}}],"collection":[{"href":"https:\/\/luxe-millionaire.com\/blog\/wp-json\/wp\/v2\/pages"}],"about":[{"href":"https:\/\/luxe-millionaire.com\/blog\/wp-json\/wp\/v2\/types\/page"}],"author":[{"embeddable":true,"href":"https:\/\/luxe-millionaire.com\/blog\/wp-json\/wp\/v2\/users\/34"}],"replies":[{"embeddable":true,"href":"https:\/\/luxe-millionaire.com\/blog\/wp-json\/wp\/v2\/comments?post=367"}],"version-history":[{"count":63,"href":"https:\/\/luxe-millionaire.com\/blog\/wp-json\/wp\/v2\/pages\/367\/revisions"}],"predecessor-version":[{"id":7299,"href":"https:\/\/luxe-millionaire.com\/blog\/wp-json\/wp\/v2\/pages\/367\/revisions\/7299"}],"wp:attachment":[{"href":"https:\/\/luxe-millionaire.com\/blog\/wp-json\/wp\/v2\/media?parent=367"}],"curies":[{"name":"wp","href":"https:\/\/api.w.org\/{rel}","templated":true}]}}