{"id":62,"date":"2023-10-11T12:06:17","date_gmt":"2023-10-11T10:06:17","guid":{"rendered":"https:\/\/luxe-millionaire.com\/blog\/?page_id=62"},"modified":"2024-11-27T18:04:43","modified_gmt":"2024-11-27T17:04:43","slug":"mentions-legales","status":"publish","type":"page","link":"https:\/\/luxe-millionaire.com\/blog\/mentions-legales\/","title":{"rendered":"Mentions l\u00e9gales"},"content":{"rendered":"<h2>1 &#8211; \u00c9dition du site<\/h2>\n<p>En vertu de l&rsquo;article 6 de la loi n\u00b0 2004-575 du 21 juin 2004 pour la confiance dans l&rsquo;\u00e9conomie num\u00e9rique, il est pr\u00e9cis\u00e9 aux utilisateurs du site internet https:\/\/www.foretsensations.fr l&rsquo;identit\u00e9 des diff\u00e9rents intervenants dans le cadre de sa r\u00e9alisation et de son suivi:<\/p>\n<p>Propri\u00e9taire du site &amp; Responsable de la publication : <b>Jardingue<\/b> joignable par email contact(at)<b>Jardingue.org<\/b><\/p>\n<p>Identification de l&rsquo;entreprise : Jardingue\u00a0(<a href=\"https:\/\/luxe-millionaire.com\/blog\/pdc\">politique de confidentialit\u00e9 ici<\/a>)<\/p>\n<p>H\u00e9bergeur : <b>O2Switch<\/b><\/p>\n<h2>2 &#8211; Propri\u00e9t\u00e9 intellectuelle et contrefa\u00e7ons.<\/h2>\n<p><b>Jardingue<\/b> est propri\u00e9taire des droits de propri\u00e9t\u00e9 intellectuelle et d\u00e9tient les droits d\u2019usage sur tous les \u00e9l\u00e9ments accessibles sur le site internet, notamment les textes, images, graphismes, logos, vid\u00e9os, architecture, ic\u00f4nes et sons.<\/p>\n<p>Toute reproduction, repr\u00e9sentation, modification, publication, adaptation de tout ou partie des \u00e9l\u00e9ments du site, quel que soit le moyen ou le proc\u00e9d\u00e9 utilis\u00e9, est interdite, sauf autorisation \u00e9crite pr\u00e9alable d&rsquo;<b>Jardingue<\/b> <span style=\"text-decoration: underline;\"><strong>.<\/strong><\/span><\/p>\n<p>Toute exploitation non autoris\u00e9e du site ou de l\u2019un quelconque des \u00e9l\u00e9ments qu\u2019il contient sera consid\u00e9r\u00e9e comme constitutive d\u2019une contrefa\u00e7on et poursuivie conform\u00e9ment aux dispositions des articles L.335-2 et suivants du Code de Propri\u00e9t\u00e9 Intellectuelle.<\/p>\n<h2>3 &#8211; Limitations de responsabilit\u00e9.<\/h2>\n<p><b>Jardingue<\/b> ne pourra \u00eatre tenu pour responsable des dommages directs et indirects caus\u00e9s au mat\u00e9riel de l\u2019utilisateur, lors de l\u2019acc\u00e8s au site https:\/\/luxe-millionaire.com\/blog<\/p>\n<p><b>Jardingue<\/b> d\u00e9cline toute responsabilit\u00e9 quant \u00e0 l\u2019utilisation qui pourrait \u00eatre faite des informations et contenus pr\u00e9sents sur https:\/\/jardingue.org.<\/p>\n<p><b>Jardingue<\/b> s\u2019engage \u00e0 s\u00e9curiser au mieux le site https:\/\/jardingue.org, cependant sa responsabilit\u00e9 ne pourra \u00eatre mise en cause si des donn\u00e9es ind\u00e9sirables sont import\u00e9es et install\u00e9es sur son site \u00e0 son insu.<\/p>\n<p>Des espaces interactifs (espace contact ou commentaires) sont \u00e0 la disposition des utilisateurs. <b>Jardingue<\/b> \u00a0se r\u00e9serve le droit de supprimer, sans mise en demeure pr\u00e9alable, tout contenu d\u00e9pos\u00e9 dans cet espace qui contreviendrait \u00e0 la l\u00e9gislation applicable en France, en particulier aux dispositions relatives \u00e0 la protection des donn\u00e9es.<\/p>\n<p>Le cas \u00e9ch\u00e9ant, <b>Jardingue<\/b> <span style=\"text-decoration: underline;\"><strong>L<\/strong><\/span> se r\u00e9serve \u00e9galement la possibilit\u00e9 de mettre en cause la responsabilit\u00e9 civile et\/ou p\u00e9nale de l\u2019utilisateur, notamment en cas de message \u00e0 caract\u00e8re raciste, injurieux, diffamant, ou pornographique, quel que soit le support utilis\u00e9 (texte, photographie \u2026).<\/p>\n<h2>4 &#8211; Liens hypertextes et cookies<\/h2>\n<p>Le site https:\/\/www.foretsensations.fr contient des liens hypertextes vers d\u2019autres sites et d\u00e9gage toute responsabilit\u00e9 \u00e0 propos de ces liens externes ou des liens cr\u00e9\u00e9s par d\u2019autres sites vers https:\/\/luxe-millionaire.com\/blog<\/p>\n<p>La navigation sur le site https:\/\/jardingue.org<span style=\"font-size: inherit;\">\u00a0est susceptible de provoquer l\u2019installation de cookie(s) sur l\u2019ordinateur de l\u2019utilisateur.<\/span><\/p>\n<p>Un \u00ab\u00a0cookie\u00a0\u00bb est un fichier de petite taille qui enregistre des informations relatives \u00e0 la navigation d\u2019un utilisateur sur un site. Les donn\u00e9es ainsi obtenues permettent d&rsquo;obtenir des mesures de fr\u00e9quentation, par exemple.<\/p>\n<p>Vous avez la possibilit\u00e9 d\u2019accepter ou de refuser les cookies en modifiant les param\u00e8tres de votre navigateur. Aucun cookie ne sera d\u00e9pos\u00e9 sans votre consentement.<\/p>\n<p>Les cookies sont enregistr\u00e9s pour une dur\u00e9e maximale de mois.<\/p>\n<h2>5 &#8211; Droit applicable et attribution de juridiction.<\/h2>\n<p>Tout litige en relation avec l\u2019utilisation du site https:\/\/jardingue.org est soumis au droit fran\u00e7ais. En dehors des cas o\u00f9 la loi ne le permet pas, il est fait attribution exclusive de juridiction aux tribunaux comp\u00e9tents de Marrakech.<\/p>\n","protected":false},"excerpt":{"rendered":"","protected":false},"author":34,"featured_media":0,"parent":0,"menu_order":0,"comment_status":"closed","ping_status":"closed","template":"","meta":{"_acf_changed":false,"manual_indexmenow":false,"indexmenow_id_project":0,"footnotes":""},"class_list":["post-62","page","type-page","status-publish"],"acf":[],"yoast_head":"<!-- This site is optimized with the Yoast SEO Premium plugin v21.3 (Yoast SEO v26.5) - https:\/\/yoast.com\/wordpress\/plugins\/seo\/ -->\n<title>Mentions l\u00e9gales<\/title>\n<meta name=\"description\" content=\"1 - \u00c9dition du site En vertu de l&#039;article 6 de la loi n\u00b0 2004-575 du 21 juin 2004 pour la confiance dans l&#039;\u00e9conomie num\u00e9rique, il est pr\u00e9cis\u00e9 aux\" \/>\n<meta name=\"robots\" content=\"index, follow, max-snippet:-1, max-image-preview:large, max-video-preview:-1\" \/>\n<link rel=\"canonical\" href=\"https:\/\/luxe-millionaire.com\/blog\/mentions-legales\/\" \/>\n<meta property=\"og:locale\" content=\"fr_FR\" \/>\n<meta property=\"og:type\" content=\"article\" \/>\n<meta property=\"og:title\" content=\"Mentions l\u00e9gales\" \/>\n<meta property=\"og:description\" content=\"1 - \u00c9dition du site En vertu de l&#039;article 6 de la loi n\u00b0 2004-575 du 21 juin 2004 pour la confiance dans l&#039;\u00e9conomie num\u00e9rique, il est pr\u00e9cis\u00e9 aux\" \/>\n<meta property=\"og:url\" content=\"https:\/\/luxe-millionaire.com\/blog\/mentions-legales\/\" \/>\n<meta property=\"og:site_name\" content=\"luxe-millionaire\" \/>\n<meta name=\"twitter:card\" content=\"summary_large_image\" \/>\n<script type=\"application\/ld+json\" class=\"yoast-schema-graph\">{\"@context\":\"https:\/\/schema.org\",\"@graph\":[{\"@type\":\"WebPage\",\"@id\":\"https:\/\/luxe-millionaire.com\/blog\/mentions-legales\/\",\"url\":\"https:\/\/luxe-millionaire.com\/blog\/mentions-legales\/\",\"name\":\"Mentions l\u00e9gales\",\"isPartOf\":{\"@id\":\"https:\/\/luxe-millionaire.com\/blog\/#website\"},\"datePublished\":\"2023-10-11T10:06:17+00:00\",\"dateModified\":\"2024-11-27T17:04:43+00:00\",\"description\":\"1 - \u00c9dition du site En vertu de l'article 6 de la loi n\u00b0 2004-575 du 21 juin 2004 pour la confiance dans l'\u00e9conomie num\u00e9rique, il est pr\u00e9cis\u00e9 aux\",\"inLanguage\":\"fr-FR\",\"potentialAction\":[{\"@type\":\"ReadAction\",\"target\":[\"https:\/\/luxe-millionaire.com\/blog\/mentions-legales\/\"]}]},{\"@type\":\"WebSite\",\"@id\":\"https:\/\/luxe-millionaire.com\/blog\/#website\",\"url\":\"https:\/\/luxe-millionaire.com\/blog\/\",\"name\":\"luxe-millionaire.com\",\"description\":\"Vivez le luxe, r\u00eavez en grand.\",\"publisher\":{\"@id\":\"https:\/\/luxe-millionaire.com\/blog\/#organization\"},\"alternateName\":\"Vivez le luxe, r\u00eavez en grand.\",\"potentialAction\":[{\"@type\":\"SearchAction\",\"target\":{\"@type\":\"EntryPoint\",\"urlTemplate\":\"https:\/\/luxe-millionaire.com\/blog\/?s={search_term_string}\"},\"query-input\":{\"@type\":\"PropertyValueSpecification\",\"valueRequired\":true,\"valueName\":\"search_term_string\"}}],\"inLanguage\":\"fr-FR\"},{\"@type\":\"Organization\",\"@id\":\"https:\/\/luxe-millionaire.com\/blog\/#organization\",\"name\":\"Foretsensations.fr\",\"url\":\"https:\/\/luxe-millionaire.com\/blog\/\",\"logo\":{\"@type\":\"ImageObject\",\"inLanguage\":\"fr-FR\",\"@id\":\"https:\/\/luxe-millionaire.com\/blog\/#\/schema\/logo\/image\/\",\"url\":\"https:\/\/luxe-millionaire.com\/blog\/wp-content\/uploads\/2024\/12\/luxe-millionaire.png\",\"contentUrl\":\"https:\/\/luxe-millionaire.com\/blog\/wp-content\/uploads\/2024\/12\/luxe-millionaire.png\",\"width\":500,\"height\":500,\"caption\":\"Foretsensations.fr\"},\"image\":{\"@id\":\"https:\/\/luxe-millionaire.com\/blog\/#\/schema\/logo\/image\/\"}}]}<\/script>\n<!-- \/ Yoast SEO Premium plugin. -->","yoast_head_json":{"title":"Mentions l\u00e9gales","description":"1 - \u00c9dition du site En vertu de l'article 6 de la loi n\u00b0 2004-575 du 21 juin 2004 pour la confiance dans l'\u00e9conomie num\u00e9rique, il est pr\u00e9cis\u00e9 aux","robots":{"index":"index","follow":"follow","max-snippet":"max-snippet:-1","max-image-preview":"max-image-preview:large","max-video-preview":"max-video-preview:-1"},"canonical":"https:\/\/luxe-millionaire.com\/blog\/mentions-legales\/","og_locale":"fr_FR","og_type":"article","og_title":"Mentions l\u00e9gales","og_description":"1 - \u00c9dition du site En vertu de l'article 6 de la loi n\u00b0 2004-575 du 21 juin 2004 pour la confiance dans l'\u00e9conomie num\u00e9rique, il est pr\u00e9cis\u00e9 aux","og_url":"https:\/\/luxe-millionaire.com\/blog\/mentions-legales\/","og_site_name":"luxe-millionaire","twitter_card":"summary_large_image","schema":{"@context":"https:\/\/schema.org","@graph":[{"@type":"WebPage","@id":"https:\/\/luxe-millionaire.com\/blog\/mentions-legales\/","url":"https:\/\/luxe-millionaire.com\/blog\/mentions-legales\/","name":"Mentions l\u00e9gales","isPartOf":{"@id":"https:\/\/luxe-millionaire.com\/blog\/#website"},"datePublished":"2023-10-11T10:06:17+00:00","dateModified":"2024-11-27T17:04:43+00:00","description":"1 - \u00c9dition du site En vertu de l'article 6 de la loi n\u00b0 2004-575 du 21 juin 2004 pour la confiance dans l'\u00e9conomie num\u00e9rique, il est pr\u00e9cis\u00e9 aux","inLanguage":"fr-FR","potentialAction":[{"@type":"ReadAction","target":["https:\/\/luxe-millionaire.com\/blog\/mentions-legales\/"]}]},{"@type":"WebSite","@id":"https:\/\/luxe-millionaire.com\/blog\/#website","url":"https:\/\/luxe-millionaire.com\/blog\/","name":"luxe-millionaire.com","description":"Vivez le luxe, r\u00eavez en grand.","publisher":{"@id":"https:\/\/luxe-millionaire.com\/blog\/#organization"},"alternateName":"Vivez le luxe, r\u00eavez en grand.","potentialAction":[{"@type":"SearchAction","target":{"@type":"EntryPoint","urlTemplate":"https:\/\/luxe-millionaire.com\/blog\/?s={search_term_string}"},"query-input":{"@type":"PropertyValueSpecification","valueRequired":true,"valueName":"search_term_string"}}],"inLanguage":"fr-FR"},{"@type":"Organization","@id":"https:\/\/luxe-millionaire.com\/blog\/#organization","name":"Foretsensations.fr","url":"https:\/\/luxe-millionaire.com\/blog\/","logo":{"@type":"ImageObject","inLanguage":"fr-FR","@id":"https:\/\/luxe-millionaire.com\/blog\/#\/schema\/logo\/image\/","url":"https:\/\/luxe-millionaire.com\/blog\/wp-content\/uploads\/2024\/12\/luxe-millionaire.png","contentUrl":"https:\/\/luxe-millionaire.com\/blog\/wp-content\/uploads\/2024\/12\/luxe-millionaire.png","width":500,"height":500,"caption":"Foretsensations.fr"},"image":{"@id":"https:\/\/luxe-millionaire.com\/blog\/#\/schema\/logo\/image\/"}}]}},"_links":{"self":[{"href":"https:\/\/luxe-millionaire.com\/blog\/wp-json\/wp\/v2\/pages\/62","targetHints":{"allow":["GET"]}}],"collection":[{"href":"https:\/\/luxe-millionaire.com\/blog\/wp-json\/wp\/v2\/pages"}],"about":[{"href":"https:\/\/luxe-millionaire.com\/blog\/wp-json\/wp\/v2\/types\/page"}],"author":[{"embeddable":true,"href":"https:\/\/luxe-millionaire.com\/blog\/wp-json\/wp\/v2\/users\/34"}],"replies":[{"embeddable":true,"href":"https:\/\/luxe-millionaire.com\/blog\/wp-json\/wp\/v2\/comments?post=62"}],"version-history":[{"count":12,"href":"https:\/\/luxe-millionaire.com\/blog\/wp-json\/wp\/v2\/pages\/62\/revisions"}],"predecessor-version":[{"id":7059,"href":"https:\/\/luxe-millionaire.com\/blog\/wp-json\/wp\/v2\/pages\/62\/revisions\/7059"}],"wp:attachment":[{"href":"https:\/\/luxe-millionaire.com\/blog\/wp-json\/wp\/v2\/media?parent=62"}],"curies":[{"name":"wp","href":"https:\/\/api.w.org\/{rel}","templated":true}]}}