{"id":66,"date":"2023-10-11T12:06:52","date_gmt":"2023-10-11T10:06:52","guid":{"rendered":"https:\/\/luxe-millionaire.com\/blog\/?page_id=66"},"modified":"2023-10-11T12:06:52","modified_gmt":"2023-10-11T10:06:52","slug":"plan-du-site","status":"publish","type":"page","link":"https:\/\/luxe-millionaire.com\/blog\/plan-du-site\/","title":{"rendered":"Plan du site"},"content":{"rendered":"<h2><a href=\"https:\/\/luxe-millionaire.com\/blog\/a-la-une\/\" class=\"simple\">\u00c0 la une<\/a><\/h2><ul><li><a href=\"https:\/\/luxe-millionaire.com\/blog\/a-la-une\/les-tendances-cycliques-des-colliers-a-la-mode-en-2023-et-2024\/\" class=\"simple\">Les tendances cycliques des colliers \u00e0 la mode en 2023 et 2024<\/a><\/li><li><a href=\"https:\/\/luxe-millionaire.com\/blog\/a-la-une\/lunettes-tendance-2025-les-modeles-incontournables-pour-un-style-unique\/\" class=\"simple\">Lunettes tendance 2025 : les mod\u00e8les incontournables pour un style unique<\/a><\/li><li><a href=\"https:\/\/luxe-millionaire.com\/blog\/a-la-une\/les-tendances-2025-en-robes-de-soiree-de-luxe-minimalisme-et-details-couture\/\" class=\"simple\">Les tendances 2025 en robes de soir\u00e9e de luxe : minimalisme et d\u00e9tails couture<\/a><\/li><li><a href=\"https:\/\/luxe-millionaire.com\/blog\/a-la-une\/bolero-en-fourrure-pour-mariage-elegance-et-confort-en-hiver\/\" class=\"simple\">Bol\u00e9ro en fourrure pour mariage : \u00e9l\u00e9gance et confort en hiver<\/a><\/li><li><a href=\"https:\/\/luxe-millionaire.com\/blog\/a-la-une\/pourquoi-faire-appel-a-un-service-de-transport-haut-de-gamme-a-lyon\/\" class=\"simple\">Pourquoi faire appel \u00e0 un service de transport haut de gamme \u00e0 Lyon\u00a0?<\/a><\/li><li><a href=\"https:\/\/luxe-millionaire.com\/blog\/a-la-une\/optimisation-fiscale-pour-les-professionnels\/\" class=\"simple\">Optimisation Fiscale pour les Professionnels<\/a><\/li><li><a href=\"https:\/\/luxe-millionaire.com\/blog\/a-la-une\/photographe-luxe\/\" class=\"simple\">Photographe luxe<\/a><\/li><li><a href=\"https:\/\/luxe-millionaire.com\/blog\/a-la-une\/voile-dombrage-sur-mesure-la-solution-elegante-et-pratique\/\" class=\"simple\">Voile d&#039;ombrage sur mesure : la solution \u00e9l\u00e9gante et pratique<\/a><\/li><\/ul><h2><a href=\"https:\/\/luxe-millionaire.com\/blog\/bons-plans\/\" class=\"simple\">Bons Plans<\/a><\/h2><ul><li><a href=\"https:\/\/luxe-millionaire.com\/blog\/bons-plans\/la-bague-la-plus-chere-au-monde-facteurs-de-valorisation-et-record-historique\/\" class=\"simple\">La bague la plus ch\u00e8re au monde : facteurs de valorisation et record historique<\/a><\/li><\/ul><h2><a href=\"https:\/\/luxe-millionaire.com\/blog\/deco\/\" class=\"simple\">D\u00e9co<\/a><\/h2><ul><li><a href=\"https:\/\/luxe-millionaire.com\/blog\/deco\/veste-de-mariage-2025-styles-elegants-et-confort-pour-la-mariee\/\" class=\"simple\">Veste de mariage 2025 : styles \u00e9l\u00e9gants et confort pour la mari\u00e9e<\/a><\/li><\/ul><h2><a href=\"https:\/\/luxe-millionaire.com\/blog\/mode\/\" class=\"simple\">Mode<\/a><\/h2><ul><li><a href=\"https:\/\/luxe-millionaire.com\/blog\/mode\/montres-tendance-femme-2026-les-styles-incontournables-a-connaitre\/\" class=\"simple\">Montres tendance femme 2026 : les styles incontournables \u00e0 conna\u00eetre<\/a><\/li><li><a href=\"https:\/\/luxe-millionaire.com\/blog\/mode\/robe-bleu-ciel-longue-tendances-automne-hiver-2025-et-astuces-pour-la-porter\/\" class=\"simple\">Robe bleu ciel longue : tendances automne-hiver 2025 et astuces pour la porter<\/a><\/li><li><a href=\"https:\/\/luxe-millionaire.com\/blog\/mode\/les-tendances-2025-en-bracelets-pour-femme-styles-et-choix-incontournables\/\" class=\"simple\">Les tendances 2025 en bracelets pour femme : styles et choix incontournables<\/a><\/li><li><a href=\"https:\/\/luxe-millionaire.com\/blog\/mode\/tendances-bijoux-2025-styles-materiaux-et-innovations-cles\/\" class=\"simple\">Tendances bijoux 2025 : Styles, mat\u00e9riaux et innovations cl\u00e9s<\/a><\/li><li><a href=\"https:\/\/luxe-millionaire.com\/blog\/mode\/les-materiaux-incontournables-des-bijoux-tendance-2026\/\" class=\"simple\">Les mat\u00e9riaux incontournables des bijoux tendance 2026<\/a><\/li><li><a href=\"https:\/\/luxe-millionaire.com\/blog\/mode\/short-de-bain-homme-luxe\/\" class=\"simple\">short de bain homme luxe<\/a><\/li><li><a href=\"https:\/\/luxe-millionaire.com\/blog\/mode\/maillot-de-bain-de-luxe\/\" class=\"simple\">maillot de bain de luxe<\/a><\/li><li><a href=\"https:\/\/luxe-millionaire.com\/blog\/mode\/les-tendances-bijoux-2025-styles-vintage-et-modernite-a-adopter\/\" class=\"simple\">Les tendances bijoux 2025 : styles vintage et modernit\u00e9 \u00e0 adopter<\/a><\/li><li><a href=\"https:\/\/luxe-millionaire.com\/blog\/mode\/robe-de-soiree-mariage-luxe\/\" class=\"simple\">robe de soir\u00e9e mariage luxe<\/a><\/li><li><a href=\"https:\/\/luxe-millionaire.com\/blog\/mode\/les-tendances-montres-femmes-2025-minimalisme-et-couleurs-audacieuses\/\" class=\"simple\">Les tendances montres femmes 2025 : minimalisme et couleurs audacieuses<\/a><\/li><li><a href=\"https:\/\/luxe-millionaire.com\/blog\/mode\/bolero-en-fourrure-pour-mariage-elegance-et-chaleur-au-grand-jour\/\" class=\"simple\">Bol\u00e9ro en fourrure pour mariage : \u00e9l\u00e9gance et chaleur au grand jour<\/a><\/li><li><a href=\"https:\/\/luxe-millionaire.com\/blog\/mode\/kimono-dete-comment-adopter-la-tendance-japonaise-elegante-et-legere\/\" class=\"simple\">Kimono d\u2019\u00e9t\u00e9 : Comment adopter la tendance japonaise \u00e9l\u00e9gante et l\u00e9g\u00e8re<\/a><\/li><li><a href=\"https:\/\/luxe-millionaire.com\/blog\/mode\/combishort-noir-femme-2025-styles-tendance-et-conseils-pour-ladopter\/\" class=\"simple\">Combishort noir femme 2025 : styles tendance et conseils pour l\u2019adopter<\/a><\/li><li><a href=\"https:\/\/luxe-millionaire.com\/blog\/mode\/taille-54-femme-mesures-morphologies-et-conseils-mode-adaptes\/\" class=\"simple\">Taille 54 femme : mesures, morphologies et conseils mode adapt\u00e9s<\/a><\/li><li><a href=\"https:\/\/luxe-millionaire.com\/blog\/mode\/soldes-hbt-femme-offres-sport-chic-incontournables-en-2024\/\" class=\"simple\">Soldes HBT Femme : Offres Sport Chic Incontournables en 2024<\/a><\/li><li><a href=\"https:\/\/luxe-millionaire.com\/blog\/mode\/kimono-leger-distinction-entre-tradition-japonaise-et-styles-modernes\/\" class=\"simple\">Kimono l\u00e9ger : distinction entre tradition japonaise et styles modernes<\/a><\/li><li><a href=\"https:\/\/luxe-millionaire.com\/blog\/mode\/kimono-jacket-la-fusion-elegante-entre-tradition-japonaise-et-style-moderne\/\" class=\"simple\">Kimono Jacket : La fusion \u00e9l\u00e9gante entre tradition japonaise et style moderne<\/a><\/li><li><a href=\"https:\/\/luxe-millionaire.com\/blog\/mode\/pourquoi-le-bolero-beige-seduit-autant-les-raisons-dun-succes-inattendu\/\" class=\"simple\">Pourquoi le bol\u00e9ro beige s\u00e9duit autant : les raisons d\u2019un succ\u00e8s inattendu<\/a><\/li><li><a href=\"https:\/\/luxe-millionaire.com\/blog\/mode\/les-tendances-2025-les-teintes-de-rose-qui-transforment-la-mode\/\" class=\"simple\">Les tendances 2025 : les teintes de rose qui transforment la mode<\/a><\/li><li><a href=\"https:\/\/luxe-millionaire.com\/blog\/mode\/vetements-femme-en-coton-et-lin-style-confort-et-durabilite\/\" class=\"simple\">V\u00eatements femme en coton et lin : style, confort et durabilit\u00e9<\/a><\/li><li><a href=\"https:\/\/luxe-millionaire.com\/blog\/mode\/vetements-pour-femmes-grandes-de-plus-de-1m75-conseils-pour-sublimer-votre-silhouette\/\" class=\"simple\">V\u00eatements pour femmes grandes de plus de 1m75 : conseils pour sublimer votre silhouette<\/a><\/li><\/ul>\n","protected":false},"excerpt":{"rendered":"","protected":false},"author":34,"featured_media":0,"parent":0,"menu_order":0,"comment_status":"closed","ping_status":"closed","template":"","meta":{"_acf_changed":false,"manual_indexmenow":false,"indexmenow_id_project":0,"footnotes":""},"class_list":["post-66","page","type-page","status-publish"],"acf":[],"yoast_head":"<!-- This site is optimized with the Yoast SEO Premium plugin v21.3 (Yoast SEO v26.5) - https:\/\/yoast.com\/wordpress\/plugins\/seo\/ -->\n<title>Plan du site<\/title>\n<meta name=\"robots\" content=\"index, follow, max-snippet:-1, max-image-preview:large, max-video-preview:-1\" \/>\n<link rel=\"canonical\" href=\"https:\/\/luxe-millionaire.com\/blog\/plan-du-site\/\" \/>\n<meta property=\"og:locale\" content=\"fr_FR\" \/>\n<meta property=\"og:type\" content=\"article\" \/>\n<meta property=\"og:title\" content=\"Plan du site\" \/>\n<meta property=\"og:url\" content=\"https:\/\/luxe-millionaire.com\/blog\/plan-du-site\/\" \/>\n<meta property=\"og:site_name\" content=\"luxe-millionaire\" \/>\n<meta name=\"twitter:card\" content=\"summary_large_image\" \/>\n<script type=\"application\/ld+json\" class=\"yoast-schema-graph\">{\"@context\":\"https:\/\/schema.org\",\"@graph\":[{\"@type\":\"WebPage\",\"@id\":\"https:\/\/luxe-millionaire.com\/blog\/plan-du-site\/\",\"url\":\"https:\/\/luxe-millionaire.com\/blog\/plan-du-site\/\",\"name\":\"Plan du site\",\"isPartOf\":{\"@id\":\"https:\/\/luxe-millionaire.com\/blog\/#website\"},\"datePublished\":\"2023-10-11T10:06:52+00:00\",\"inLanguage\":\"fr-FR\",\"potentialAction\":[{\"@type\":\"ReadAction\",\"target\":[\"https:\/\/luxe-millionaire.com\/blog\/plan-du-site\/\"]}]},{\"@type\":\"WebSite\",\"@id\":\"https:\/\/luxe-millionaire.com\/blog\/#website\",\"url\":\"https:\/\/luxe-millionaire.com\/blog\/\",\"name\":\"luxe-millionaire.com\",\"description\":\"Vivez le luxe, r\u00eavez en grand.\",\"publisher\":{\"@id\":\"https:\/\/luxe-millionaire.com\/blog\/#organization\"},\"alternateName\":\"Vivez le luxe, r\u00eavez en grand.\",\"potentialAction\":[{\"@type\":\"SearchAction\",\"target\":{\"@type\":\"EntryPoint\",\"urlTemplate\":\"https:\/\/luxe-millionaire.com\/blog\/?s={search_term_string}\"},\"query-input\":{\"@type\":\"PropertyValueSpecification\",\"valueRequired\":true,\"valueName\":\"search_term_string\"}}],\"inLanguage\":\"fr-FR\"},{\"@type\":\"Organization\",\"@id\":\"https:\/\/luxe-millionaire.com\/blog\/#organization\",\"name\":\"Foretsensations.fr\",\"url\":\"https:\/\/luxe-millionaire.com\/blog\/\",\"logo\":{\"@type\":\"ImageObject\",\"inLanguage\":\"fr-FR\",\"@id\":\"https:\/\/luxe-millionaire.com\/blog\/#\/schema\/logo\/image\/\",\"url\":\"https:\/\/luxe-millionaire.com\/blog\/wp-content\/uploads\/2024\/12\/luxe-millionaire.png\",\"contentUrl\":\"https:\/\/luxe-millionaire.com\/blog\/wp-content\/uploads\/2024\/12\/luxe-millionaire.png\",\"width\":500,\"height\":500,\"caption\":\"Foretsensations.fr\"},\"image\":{\"@id\":\"https:\/\/luxe-millionaire.com\/blog\/#\/schema\/logo\/image\/\"}}]}<\/script>\n<!-- \/ Yoast SEO Premium plugin. -->","yoast_head_json":{"title":"Plan du site","robots":{"index":"index","follow":"follow","max-snippet":"max-snippet:-1","max-image-preview":"max-image-preview:large","max-video-preview":"max-video-preview:-1"},"canonical":"https:\/\/luxe-millionaire.com\/blog\/plan-du-site\/","og_locale":"fr_FR","og_type":"article","og_title":"Plan du site","og_url":"https:\/\/luxe-millionaire.com\/blog\/plan-du-site\/","og_site_name":"luxe-millionaire","twitter_card":"summary_large_image","schema":{"@context":"https:\/\/schema.org","@graph":[{"@type":"WebPage","@id":"https:\/\/luxe-millionaire.com\/blog\/plan-du-site\/","url":"https:\/\/luxe-millionaire.com\/blog\/plan-du-site\/","name":"Plan du site","isPartOf":{"@id":"https:\/\/luxe-millionaire.com\/blog\/#website"},"datePublished":"2023-10-11T10:06:52+00:00","inLanguage":"fr-FR","potentialAction":[{"@type":"ReadAction","target":["https:\/\/luxe-millionaire.com\/blog\/plan-du-site\/"]}]},{"@type":"WebSite","@id":"https:\/\/luxe-millionaire.com\/blog\/#website","url":"https:\/\/luxe-millionaire.com\/blog\/","name":"luxe-millionaire.com","description":"Vivez le luxe, r\u00eavez en grand.","publisher":{"@id":"https:\/\/luxe-millionaire.com\/blog\/#organization"},"alternateName":"Vivez le luxe, r\u00eavez en grand.","potentialAction":[{"@type":"SearchAction","target":{"@type":"EntryPoint","urlTemplate":"https:\/\/luxe-millionaire.com\/blog\/?s={search_term_string}"},"query-input":{"@type":"PropertyValueSpecification","valueRequired":true,"valueName":"search_term_string"}}],"inLanguage":"fr-FR"},{"@type":"Organization","@id":"https:\/\/luxe-millionaire.com\/blog\/#organization","name":"Foretsensations.fr","url":"https:\/\/luxe-millionaire.com\/blog\/","logo":{"@type":"ImageObject","inLanguage":"fr-FR","@id":"https:\/\/luxe-millionaire.com\/blog\/#\/schema\/logo\/image\/","url":"https:\/\/luxe-millionaire.com\/blog\/wp-content\/uploads\/2024\/12\/luxe-millionaire.png","contentUrl":"https:\/\/luxe-millionaire.com\/blog\/wp-content\/uploads\/2024\/12\/luxe-millionaire.png","width":500,"height":500,"caption":"Foretsensations.fr"},"image":{"@id":"https:\/\/luxe-millionaire.com\/blog\/#\/schema\/logo\/image\/"}}]}},"_links":{"self":[{"href":"https:\/\/luxe-millionaire.com\/blog\/wp-json\/wp\/v2\/pages\/66","targetHints":{"allow":["GET"]}}],"collection":[{"href":"https:\/\/luxe-millionaire.com\/blog\/wp-json\/wp\/v2\/pages"}],"about":[{"href":"https:\/\/luxe-millionaire.com\/blog\/wp-json\/wp\/v2\/types\/page"}],"author":[{"embeddable":true,"href":"https:\/\/luxe-millionaire.com\/blog\/wp-json\/wp\/v2\/users\/34"}],"replies":[{"embeddable":true,"href":"https:\/\/luxe-millionaire.com\/blog\/wp-json\/wp\/v2\/comments?post=66"}],"version-history":[{"count":1,"href":"https:\/\/luxe-millionaire.com\/blog\/wp-json\/wp\/v2\/pages\/66\/revisions"}],"predecessor-version":[{"id":67,"href":"https:\/\/luxe-millionaire.com\/blog\/wp-json\/wp\/v2\/pages\/66\/revisions\/67"}],"wp:attachment":[{"href":"https:\/\/luxe-millionaire.com\/blog\/wp-json\/wp\/v2\/media?parent=66"}],"curies":[{"name":"wp","href":"https:\/\/api.w.org\/{rel}","templated":true}]}}