{"id":69,"date":"2023-10-11T12:08:25","date_gmt":"2023-10-11T10:08:25","guid":{"rendered":"https:\/\/luxe-millionaire.com\/blog\/?page_id=69"},"modified":"2026-03-30T01:56:14","modified_gmt":"2026-03-29T23:56:14","slug":"lequipe","status":"publish","type":"page","link":"https:\/\/luxe-millionaire.com\/blog\/lequipe\/","title":{"rendered":"L&rsquo;\u00e9quipe &#038; \u00c9dito"},"content":{"rendered":"<p><span style=\"font-weight: 400;\">Luxe Millionaire est votre webzine d\u00e9di\u00e9 au lifestyle premium \u2014 mode luxe, voyages haut de gamme, investissement patrimonial et d\u00e9coration raffin\u00e9e. Nous c\u00e9l\u00e9brons l&rsquo;art de vivre avec distinction sans ostentation : choisir les bonnes pi\u00e8ces de mode, voyager dans les meilleures conditions, investir intelligemment et d\u00e9corer son int\u00e9rieur avec go\u00fbt. Notre \u00e9quipe rassemble des consultants en image et style, des sp\u00e9cialistes du voyage de luxe, des conseillers patrimoniaux et des r\u00e9dacteurs passionn\u00e9s par l&rsquo;excellence dans tous ses registres.<\/span><\/p>\n","protected":false},"excerpt":{"rendered":"","protected":false},"author":34,"featured_media":0,"parent":0,"menu_order":0,"comment_status":"closed","ping_status":"closed","template":"","meta":{"_acf_changed":false,"manual_indexmenow":false,"indexmenow_id_project":0,"footnotes":""},"class_list":["post-69","page","type-page","status-publish"],"acf":[],"yoast_head":"<!-- This site is optimized with the Yoast SEO Premium plugin v21.3 (Yoast SEO v26.5) - https:\/\/yoast.com\/wordpress\/plugins\/seo\/ -->\n<title>L&#039;\u00e9quipe &amp; \u00c9dito<\/title>\n<meta name=\"description\" content=\"Luxe Millionaire est votre webzine d\u00e9di\u00e9 au lifestyle premium \u2014 mode luxe, voyages haut de gamme, investissement patrimonial et d\u00e9coration raffin\u00e9e. Nous\" \/>\n<meta name=\"robots\" content=\"index, follow, max-snippet:-1, max-image-preview:large, max-video-preview:-1\" \/>\n<link rel=\"canonical\" href=\"https:\/\/luxe-millionaire.com\/blog\/lequipe\/\" \/>\n<meta property=\"og:locale\" content=\"fr_FR\" \/>\n<meta property=\"og:type\" content=\"article\" \/>\n<meta property=\"og:title\" content=\"L&#039;\u00e9quipe &amp; \u00c9dito\" \/>\n<meta property=\"og:description\" content=\"Luxe Millionaire est votre webzine d\u00e9di\u00e9 au lifestyle premium \u2014 mode luxe, voyages haut de gamme, investissement patrimonial et d\u00e9coration raffin\u00e9e. Nous\" \/>\n<meta property=\"og:url\" content=\"https:\/\/luxe-millionaire.com\/blog\/lequipe\/\" \/>\n<meta property=\"og:site_name\" content=\"luxe-millionaire\" \/>\n<meta name=\"twitter:card\" content=\"summary_large_image\" \/>\n<script type=\"application\/ld+json\" class=\"yoast-schema-graph\">{\"@context\":\"https:\/\/schema.org\",\"@graph\":[{\"@type\":\"WebPage\",\"@id\":\"https:\/\/luxe-millionaire.com\/blog\/lequipe\/\",\"url\":\"https:\/\/luxe-millionaire.com\/blog\/lequipe\/\",\"name\":\"L'\u00e9quipe & \u00c9dito\",\"isPartOf\":{\"@id\":\"https:\/\/luxe-millionaire.com\/blog\/#website\"},\"datePublished\":\"2023-10-11T10:08:25+00:00\",\"dateModified\":\"2026-03-29T23:56:14+00:00\",\"description\":\"Luxe Millionaire est votre webzine d\u00e9di\u00e9 au lifestyle premium \u2014 mode luxe, voyages haut de gamme, investissement patrimonial et d\u00e9coration raffin\u00e9e. Nous\",\"inLanguage\":\"fr-FR\",\"potentialAction\":[{\"@type\":\"ReadAction\",\"target\":[\"https:\/\/luxe-millionaire.com\/blog\/lequipe\/\"]}]},{\"@type\":\"WebSite\",\"@id\":\"https:\/\/luxe-millionaire.com\/blog\/#website\",\"url\":\"https:\/\/luxe-millionaire.com\/blog\/\",\"name\":\"luxe-millionaire.com\",\"description\":\"Vivez le luxe, r\u00eavez en grand.\",\"publisher\":{\"@id\":\"https:\/\/luxe-millionaire.com\/blog\/#organization\"},\"alternateName\":\"Vivez le luxe, r\u00eavez en grand.\",\"potentialAction\":[{\"@type\":\"SearchAction\",\"target\":{\"@type\":\"EntryPoint\",\"urlTemplate\":\"https:\/\/luxe-millionaire.com\/blog\/?s={search_term_string}\"},\"query-input\":{\"@type\":\"PropertyValueSpecification\",\"valueRequired\":true,\"valueName\":\"search_term_string\"}}],\"inLanguage\":\"fr-FR\"},{\"@type\":\"Organization\",\"@id\":\"https:\/\/luxe-millionaire.com\/blog\/#organization\",\"name\":\"Foretsensations.fr\",\"url\":\"https:\/\/luxe-millionaire.com\/blog\/\",\"logo\":{\"@type\":\"ImageObject\",\"inLanguage\":\"fr-FR\",\"@id\":\"https:\/\/luxe-millionaire.com\/blog\/#\/schema\/logo\/image\/\",\"url\":\"https:\/\/luxe-millionaire.com\/blog\/wp-content\/uploads\/2024\/12\/luxe-millionaire.png\",\"contentUrl\":\"https:\/\/luxe-millionaire.com\/blog\/wp-content\/uploads\/2024\/12\/luxe-millionaire.png\",\"width\":500,\"height\":500,\"caption\":\"Foretsensations.fr\"},\"image\":{\"@id\":\"https:\/\/luxe-millionaire.com\/blog\/#\/schema\/logo\/image\/\"}}]}<\/script>\n<!-- \/ Yoast SEO Premium plugin. -->","yoast_head_json":{"title":"L'\u00e9quipe & \u00c9dito","description":"Luxe Millionaire est votre webzine d\u00e9di\u00e9 au lifestyle premium \u2014 mode luxe, voyages haut de gamme, investissement patrimonial et d\u00e9coration raffin\u00e9e. Nous","robots":{"index":"index","follow":"follow","max-snippet":"max-snippet:-1","max-image-preview":"max-image-preview:large","max-video-preview":"max-video-preview:-1"},"canonical":"https:\/\/luxe-millionaire.com\/blog\/lequipe\/","og_locale":"fr_FR","og_type":"article","og_title":"L'\u00e9quipe & \u00c9dito","og_description":"Luxe Millionaire est votre webzine d\u00e9di\u00e9 au lifestyle premium \u2014 mode luxe, voyages haut de gamme, investissement patrimonial et d\u00e9coration raffin\u00e9e. Nous","og_url":"https:\/\/luxe-millionaire.com\/blog\/lequipe\/","og_site_name":"luxe-millionaire","twitter_card":"summary_large_image","schema":{"@context":"https:\/\/schema.org","@graph":[{"@type":"WebPage","@id":"https:\/\/luxe-millionaire.com\/blog\/lequipe\/","url":"https:\/\/luxe-millionaire.com\/blog\/lequipe\/","name":"L'\u00e9quipe & \u00c9dito","isPartOf":{"@id":"https:\/\/luxe-millionaire.com\/blog\/#website"},"datePublished":"2023-10-11T10:08:25+00:00","dateModified":"2026-03-29T23:56:14+00:00","description":"Luxe Millionaire est votre webzine d\u00e9di\u00e9 au lifestyle premium \u2014 mode luxe, voyages haut de gamme, investissement patrimonial et d\u00e9coration raffin\u00e9e. Nous","inLanguage":"fr-FR","potentialAction":[{"@type":"ReadAction","target":["https:\/\/luxe-millionaire.com\/blog\/lequipe\/"]}]},{"@type":"WebSite","@id":"https:\/\/luxe-millionaire.com\/blog\/#website","url":"https:\/\/luxe-millionaire.com\/blog\/","name":"luxe-millionaire.com","description":"Vivez le luxe, r\u00eavez en grand.","publisher":{"@id":"https:\/\/luxe-millionaire.com\/blog\/#organization"},"alternateName":"Vivez le luxe, r\u00eavez en grand.","potentialAction":[{"@type":"SearchAction","target":{"@type":"EntryPoint","urlTemplate":"https:\/\/luxe-millionaire.com\/blog\/?s={search_term_string}"},"query-input":{"@type":"PropertyValueSpecification","valueRequired":true,"valueName":"search_term_string"}}],"inLanguage":"fr-FR"},{"@type":"Organization","@id":"https:\/\/luxe-millionaire.com\/blog\/#organization","name":"Foretsensations.fr","url":"https:\/\/luxe-millionaire.com\/blog\/","logo":{"@type":"ImageObject","inLanguage":"fr-FR","@id":"https:\/\/luxe-millionaire.com\/blog\/#\/schema\/logo\/image\/","url":"https:\/\/luxe-millionaire.com\/blog\/wp-content\/uploads\/2024\/12\/luxe-millionaire.png","contentUrl":"https:\/\/luxe-millionaire.com\/blog\/wp-content\/uploads\/2024\/12\/luxe-millionaire.png","width":500,"height":500,"caption":"Foretsensations.fr"},"image":{"@id":"https:\/\/luxe-millionaire.com\/blog\/#\/schema\/logo\/image\/"}}]}},"_links":{"self":[{"href":"https:\/\/luxe-millionaire.com\/blog\/wp-json\/wp\/v2\/pages\/69","targetHints":{"allow":["GET"]}}],"collection":[{"href":"https:\/\/luxe-millionaire.com\/blog\/wp-json\/wp\/v2\/pages"}],"about":[{"href":"https:\/\/luxe-millionaire.com\/blog\/wp-json\/wp\/v2\/types\/page"}],"author":[{"embeddable":true,"href":"https:\/\/luxe-millionaire.com\/blog\/wp-json\/wp\/v2\/users\/34"}],"replies":[{"embeddable":true,"href":"https:\/\/luxe-millionaire.com\/blog\/wp-json\/wp\/v2\/comments?post=69"}],"version-history":[{"count":35,"href":"https:\/\/luxe-millionaire.com\/blog\/wp-json\/wp\/v2\/pages\/69\/revisions"}],"predecessor-version":[{"id":7420,"href":"https:\/\/luxe-millionaire.com\/blog\/wp-json\/wp\/v2\/pages\/69\/revisions\/7420"}],"wp:attachment":[{"href":"https:\/\/luxe-millionaire.com\/blog\/wp-json\/wp\/v2\/media?parent=69"}],"curies":[{"name":"wp","href":"https:\/\/api.w.org\/{rel}","templated":true}]}}